{"id":8,"date":"2019-07-30T19:03:45","date_gmt":"2019-07-30T19:03:45","guid":{"rendered":"http:\/\/reitschule-birkenhof-neuhausen.de\/?page_id=8"},"modified":"2024-04-16T06:14:02","modified_gmt":"2024-04-16T06:14:02","slug":"angebot","status":"publish","type":"page","link":"https:\/\/reitschule-birkenhof-neuhausen.de\/?page_id=8","title":{"rendered":"Angebot"},"content":{"rendered":"\n<p><em>Aktuell gibt es in der Reitschule keine freien Pl\u00e4tze, auf Grund der hohen Anfrage musste ich auch die Warteliste schlie\u00dfen. <\/em><\/p>\n\n\n\n<h1 class=\"wp-block-heading\">Reitstundenmodelle<\/h1>\n\n\n\n<ul>\n<li><strong>Reitstunden:<\/strong><ul><li>F\u00fcr Kinder ab 6 Jahren mit gen\u00fcgend Reiterfahrung, um selbst\u00e4ndig in der Gruppe zu reiten<\/li><li>Gruppen bis maximal 4 Kinder<\/li><li>W\u00f6chentlicher Unterricht \u00e1 30 (2 Kinder) bzw. 45 (3-4 Kinder) Minuten<\/li><\/ul>\n<ul>\n<li>Gemeinsames Vorbereiten und Versorgen der Ponys<\/li>\n\n\n\n<li>inklusive einer Theoriestunde\/Monat<\/li>\n\n\n\n<li>110\u20ac \/Monat<\/li>\n<\/ul>\n<\/li>\n\n\n\n<li><strong>Minivoltis: <\/strong>\n<ul>\n<li>F\u00fcr Kinder ab 4 Jahren<\/li>\n\n\n\n<li>Reiten\/Voltigieren an der Longe<\/li>\n\n\n\n<li>Gruppen bis maximal 6 Kinder<\/li>\n\n\n\n<li>W\u00f6chentlich 60 Minuten am und auf dem Pferd<\/li>\n\n\n\n<li>60\u20ac \/Monat<\/li>\n<\/ul>\n<\/li>\n<\/ul>\n\n\n\n<h2 class=\"wp-block-heading\">Auf Anfrage<\/h2>\n\n\n\n<ul>\n<li><strong>Theoriestunden<\/strong><\/li>\n\n\n\n<li><strong>Longenunterricht:<\/strong>\n<ul>\n<li>20 Minuten plus Vorbereitungszeit<\/li>\n<\/ul>\n<\/li>\n\n\n\n<li><strong>Einzelunterricht:<\/strong>\n<ul>\n<li>30 Minuten plus Vorbereitungszeit<\/li>\n<\/ul>\n<\/li>\n<\/ul>\n\n\n\n<h2 class=\"wp-block-heading\">Ferienprogramme<\/h2>\n\n\n\n<ul id=\"block-6ebf6eed-a693-4c7e-824c-eb8155f919a6\">\n<li>Verschiedene Programme f\u00fcr unterschiedliche Altersgruppen (siehe aktuelle Ver\u00f6ffentlichungen) bspw. \u00fcber Social Media oder WhatsApp Status <\/li>\n<\/ul>\n","protected":false},"excerpt":{"rendered":"<p>Aktuell gibt es in der Reitschule keine freien Pl\u00e4tze, auf Grund der hohen Anfrage musste ich auch die Warteliste schlie\u00dfen. Reitstundenmodelle Auf Anfrage Ferienprogramme<\/p>\n","protected":false},"author":1,"featured_media":0,"parent":0,"menu_order":0,"comment_status":"closed","ping_status":"closed","template":"","meta":{"footnotes":""},"_links":{"self":[{"href":"https:\/\/reitschule-birkenhof-neuhausen.de\/index.php?rest_route=\/wp\/v2\/pages\/8"}],"collection":[{"href":"https:\/\/reitschule-birkenhof-neuhausen.de\/index.php?rest_route=\/wp\/v2\/pages"}],"about":[{"href":"https:\/\/reitschule-birkenhof-neuhausen.de\/index.php?rest_route=\/wp\/v2\/types\/page"}],"author":[{"embeddable":true,"href":"https:\/\/reitschule-birkenhof-neuhausen.de\/index.php?rest_route=\/wp\/v2\/users\/1"}],"replies":[{"embeddable":true,"href":"https:\/\/reitschule-birkenhof-neuhausen.de\/index.php?rest_route=%2Fwp%2Fv2%2Fcomments&post=8"}],"version-history":[{"count":5,"href":"https:\/\/reitschule-birkenhof-neuhausen.de\/index.php?rest_route=\/wp\/v2\/pages\/8\/revisions"}],"predecessor-version":[{"id":67,"href":"https:\/\/reitschule-birkenhof-neuhausen.de\/index.php?rest_route=\/wp\/v2\/pages\/8\/revisions\/67"}],"wp:attachment":[{"href":"https:\/\/reitschule-birkenhof-neuhausen.de\/index.php?rest_route=%2Fwp%2Fv2%2Fmedia&parent=8"}],"curies":[{"name":"wp","href":"https:\/\/api.w.org\/{rel}","templated":true}]}}